{"id":1233,"date":"2026-04-14T13:13:57","date_gmt":"2026-04-14T18:13:57","guid":{"rendered":"https:\/\/tatianacastro.com.co\/constelaciones\/?post_type=product&#038;p=1233"},"modified":"2026-04-15T14:37:33","modified_gmt":"2026-04-15T19:37:33","slug":"taller-sabado-02-de-mayo-del-2026","status":"publish","type":"product","link":"https:\/\/tatianacastro.com.co\/constelaciones\/p\/taller-sabado-02-de-mayo-del-2026\/","title":{"rendered":"Taller: S\u00e1bado 02 de Mayo del 2026"},"content":{"rendered":"<p>\u2728 <strong>Taller de Constelaciones Cu\u00e1nticas<\/strong><\/p>\n<p>Vive una experiencia transformadora donde liberar\u00e1s bloqueos energ\u00e9ticos, emocionales y mentales que limitan tu avance en la vida. A trav\u00e9s de esta metodolog\u00eda profunda podr\u00e1s ganar claridad, sanar patrones y abrirte a nuevas posibilidades.<\/p>\n<p><strong>S\u00e1bado 2 de mayo<\/strong><\/p>\n<p><strong>7:30 AM \u2013 1:30 PM<\/strong><\/p>\n<p><strong>Modalidad presencial o virtual<\/strong><\/p>\n<p>Te espero con mucha emoci\u00f3n. Mira el siguiente video para que vayas preparado y sepas que esperar y que hacer y as\u00ed sacarle el m\u00e1ximo provecho a tu d\u00eda de taller.<\/p>\n<p><iframe title=\"Prep\u00e1rate para tu primera experiencia en constelaciones cu\u00e1nticas\" width=\"800\" height=\"450\" src=\"https:\/\/www.youtube.com\/embed\/otdvD0r6wOQ?feature=oembed\" frameborder=\"0\" allow=\"accelerometer; autoplay; clipboard-write; encrypted-media; gyroscope; picture-in-picture; web-share\" referrerpolicy=\"strict-origin-when-cross-origin\" allowfullscreen><\/iframe><\/p>\n","protected":false},"excerpt":{"rendered":"<p>\ud83d\udcab Un taller dise\u00f1ado para desbloquear lo que hoy te impide avanzar.<\/p>\n<p>Las Constelaciones Cu\u00e1nticas te permitir\u00e1n identificar y liberar patrones ocultos, alinearte con tu prop\u00f3sito y abrirte a nuevas oportunidades en todas las \u00e1reas de tu vida.<\/p>\n","protected":false},"author":2,"featured_media":1234,"template":"","meta":[],"product_brand":[],"product_cat":[24],"product_tag":[],"class_list":{"0":"post-1233","1":"product","2":"type-product","3":"status-publish","4":"has-post-thumbnail","6":"product_cat-talleres","8":"first","9":"instock","10":"shipping-taxable","11":"purchasable","12":"product-type-simple"},"_links":{"self":[{"href":"https:\/\/tatianacastro.com.co\/constelaciones\/wp-json\/wp\/v2\/product\/1233","targetHints":{"allow":["GET"]}}],"collection":[{"href":"https:\/\/tatianacastro.com.co\/constelaciones\/wp-json\/wp\/v2\/product"}],"about":[{"href":"https:\/\/tatianacastro.com.co\/constelaciones\/wp-json\/wp\/v2\/types\/product"}],"author":[{"embeddable":true,"href":"https:\/\/tatianacastro.com.co\/constelaciones\/wp-json\/wp\/v2\/users\/2"}],"wp:featuredmedia":[{"embeddable":true,"href":"https:\/\/tatianacastro.com.co\/constelaciones\/wp-json\/wp\/v2\/media\/1234"}],"wp:attachment":[{"href":"https:\/\/tatianacastro.com.co\/constelaciones\/wp-json\/wp\/v2\/media?parent=1233"}],"wp:term":[{"taxonomy":"product_brand","embeddable":true,"href":"https:\/\/tatianacastro.com.co\/constelaciones\/wp-json\/wp\/v2\/product_brand?post=1233"},{"taxonomy":"product_cat","embeddable":true,"href":"https:\/\/tatianacastro.com.co\/constelaciones\/wp-json\/wp\/v2\/product_cat?post=1233"},{"taxonomy":"product_tag","embeddable":true,"href":"https:\/\/tatianacastro.com.co\/constelaciones\/wp-json\/wp\/v2\/product_tag?post=1233"}],"curies":[{"name":"wp","href":"https:\/\/api.w.org\/{rel}","templated":true}]}}